{"id":245,"date":"2019-07-17T12:54:36","date_gmt":"2019-07-17T12:54:36","guid":{"rendered":"http:\/\/tudosobremuaythai.com\/blog\/?page_id=245"},"modified":"2020-04-06T21:09:16","modified_gmt":"2020-04-06T21:09:16","slug":"baixar-ebook-gratis-muay-thai-evoluindo-tambem-fora-da-academia","status":"publish","type":"page","link":"https:\/\/tudosobremuaythai.com\/blog\/baixar-ebook-gratis-muay-thai-evoluindo-tambem-fora-da-academia\/","title":{"rendered":"Baixar Ebook GR\u00c1TIS: \u201cMuay Thai: Evoluindo tamb\u00e9m fora da academia"},"content":{"rendered":"\n<div class=\"wp-block-media-text alignwide\" style=\"grid-template-columns:19% auto\"><figure class=\"wp-block-media-text__media\"><img loading=\"lazy\" decoding=\"async\" width=\"478\" height=\"715\" src=\"http:\/\/tudosobremuaythai.com\/blog\/wp-content\/uploads\/2019\/07\/ebook-gratis-muay-thai-evoluindo-tambem-fora-da-academia.png\" alt=\"Ebook gr\u00e1tis muay thai\" class=\"wp-image-214\" srcset=\"https:\/\/tudosobremuaythai.com\/blog\/wp-content\/uploads\/2019\/07\/ebook-gratis-muay-thai-evoluindo-tambem-fora-da-academia.png 478w, https:\/\/tudosobremuaythai.com\/blog\/wp-content\/uploads\/2019\/07\/ebook-gratis-muay-thai-evoluindo-tambem-fora-da-academia-201x300.png 201w\" sizes=\"auto, (max-width: 478px) 100vw, 478px\" \/><\/figure><div class=\"wp-block-media-text__content\">\n<p>\n\nQuer saber como os lutadores experientes treinam quando est\u00e3o em casa ou qualquer outro lugar longe da academia?\n\n<\/p>\n<\/div><\/div>\n\n\n\n<iframe loading=\"lazy\" src=\"https:\/\/cdn.forms-content.sg-form.com\/5c6c910a-588c-11ea-b28b-5e35938a9093\"\/ width=\"100%\" height=\"600\">\n","protected":false},"excerpt":{"rendered":"<div class=\"mh-excerpt\"><p>Quer saber como os lutadores experientes treinam quando est\u00e3o em casa ou qualquer outro lugar longe da academia?<\/p>\n<\/div>","protected":false},"author":1,"featured_media":214,"parent":0,"menu_order":0,"comment_status":"closed","ping_status":"closed","template":"template-full.php","meta":{"footnotes":""},"class_list":["post-245","page","type-page","status-publish","has-post-thumbnail","hentry"],"yoast_head":"<!-- This site is optimized with the Yoast SEO plugin v27.2 - https:\/\/yoast.com\/product\/yoast-seo-wordpress\/ -->\n<title>Baixar Ebook GR\u00c1TIS: \u201cMuay Thai: Evoluindo tamb\u00e9m fora da academia - Tudo Sobre Muay Thai - Seu blog de Muay Thai<\/title>\n<meta name=\"robots\" content=\"index, follow, max-snippet:-1, max-image-preview:large, max-video-preview:-1\" \/>\n<link rel=\"canonical\" href=\"https:\/\/tudosobremuaythai.com\/blog\/baixar-ebook-gratis-muay-thai-evoluindo-tambem-fora-da-academia\/\" \/>\n<meta property=\"og:locale\" content=\"pt_BR\" \/>\n<meta property=\"og:type\" content=\"article\" \/>\n<meta property=\"og:title\" content=\"Baixar Ebook GR\u00c1TIS: \u201cMuay Thai: Evoluindo tamb\u00e9m fora da academia - Tudo Sobre Muay Thai - Seu blog de Muay Thai\" \/>\n<meta property=\"og:description\" content=\"Quer saber como os lutadores experientes treinam quando est\u00e3o em casa ou qualquer outro lugar longe da academia?\" \/>\n<meta property=\"og:url\" content=\"https:\/\/tudosobremuaythai.com\/blog\/baixar-ebook-gratis-muay-thai-evoluindo-tambem-fora-da-academia\/\" \/>\n<meta property=\"og:site_name\" content=\"Tudo Sobre Muay Thai - Seu blog de Muay Thai\" \/>\n<meta property=\"article:modified_time\" content=\"2020-04-06T21:09:16+00:00\" \/>\n<meta property=\"og:image\" content=\"https:\/\/tudosobremuaythai.com\/blog\/wp-content\/uploads\/2019\/07\/ebook-gratis-muay-thai-evoluindo-tambem-fora-da-academia.png\" \/>\n\t<meta property=\"og:image:width\" content=\"478\" \/>\n\t<meta property=\"og:image:height\" content=\"715\" \/>\n\t<meta property=\"og:image:type\" content=\"image\/png\" \/>\n<meta name=\"twitter:card\" content=\"summary_large_image\" \/>\n<script type=\"application\/ld+json\" class=\"yoast-schema-graph\">{\"@context\":\"https:\/\/schema.org\",\"@graph\":[{\"@type\":\"WebPage\",\"@id\":\"https:\/\/tudosobremuaythai.com\/blog\/baixar-ebook-gratis-muay-thai-evoluindo-tambem-fora-da-academia\/\",\"url\":\"https:\/\/tudosobremuaythai.com\/blog\/baixar-ebook-gratis-muay-thai-evoluindo-tambem-fora-da-academia\/\",\"name\":\"Baixar Ebook GR\u00c1TIS: \u201cMuay Thai: Evoluindo tamb\u00e9m fora da academia - Tudo Sobre Muay Thai - Seu blog de Muay Thai\",\"isPartOf\":{\"@id\":\"https:\/\/tudosobremuaythai.com\/blog\/#website\"},\"primaryImageOfPage\":{\"@id\":\"https:\/\/tudosobremuaythai.com\/blog\/baixar-ebook-gratis-muay-thai-evoluindo-tambem-fora-da-academia\/#primaryimage\"},\"image\":{\"@id\":\"https:\/\/tudosobremuaythai.com\/blog\/baixar-ebook-gratis-muay-thai-evoluindo-tambem-fora-da-academia\/#primaryimage\"},\"thumbnailUrl\":\"https:\/\/tudosobremuaythai.com\/blog\/wp-content\/uploads\/2019\/07\/ebook-gratis-muay-thai-evoluindo-tambem-fora-da-academia.png\",\"datePublished\":\"2019-07-17T12:54:36+00:00\",\"dateModified\":\"2020-04-06T21:09:16+00:00\",\"breadcrumb\":{\"@id\":\"https:\/\/tudosobremuaythai.com\/blog\/baixar-ebook-gratis-muay-thai-evoluindo-tambem-fora-da-academia\/#breadcrumb\"},\"inLanguage\":\"pt-BR\",\"potentialAction\":[{\"@type\":\"ReadAction\",\"target\":[\"https:\/\/tudosobremuaythai.com\/blog\/baixar-ebook-gratis-muay-thai-evoluindo-tambem-fora-da-academia\/\"]}]},{\"@type\":\"ImageObject\",\"inLanguage\":\"pt-BR\",\"@id\":\"https:\/\/tudosobremuaythai.com\/blog\/baixar-ebook-gratis-muay-thai-evoluindo-tambem-fora-da-academia\/#primaryimage\",\"url\":\"https:\/\/tudosobremuaythai.com\/blog\/wp-content\/uploads\/2019\/07\/ebook-gratis-muay-thai-evoluindo-tambem-fora-da-academia.png\",\"contentUrl\":\"https:\/\/tudosobremuaythai.com\/blog\/wp-content\/uploads\/2019\/07\/ebook-gratis-muay-thai-evoluindo-tambem-fora-da-academia.png\",\"width\":478,\"height\":715,\"caption\":\"Ebook gr\u00e1tis muay thai\"},{\"@type\":\"BreadcrumbList\",\"@id\":\"https:\/\/tudosobremuaythai.com\/blog\/baixar-ebook-gratis-muay-thai-evoluindo-tambem-fora-da-academia\/#breadcrumb\",\"itemListElement\":[{\"@type\":\"ListItem\",\"position\":1,\"name\":\"In\u00edcio\",\"item\":\"https:\/\/tudosobremuaythai.com\/blog\/\"},{\"@type\":\"ListItem\",\"position\":2,\"name\":\"Baixar Ebook GR\u00c1TIS: \u201cMuay Thai: Evoluindo tamb\u00e9m fora da academia\"}]},{\"@type\":\"WebSite\",\"@id\":\"https:\/\/tudosobremuaythai.com\/blog\/#website\",\"url\":\"https:\/\/tudosobremuaythai.com\/blog\/\",\"name\":\"Tudo Sobre Muay Thai - Seu blog de Muay Thai\",\"description\":\"Dicas, t\u00e9cnicas, tradi\u00e7\u00f5es, curiosidades de muay thai e muito mais!\",\"potentialAction\":[{\"@type\":\"SearchAction\",\"target\":{\"@type\":\"EntryPoint\",\"urlTemplate\":\"https:\/\/tudosobremuaythai.com\/blog\/?s={search_term_string}\"},\"query-input\":{\"@type\":\"PropertyValueSpecification\",\"valueRequired\":true,\"valueName\":\"search_term_string\"}}],\"inLanguage\":\"pt-BR\"}]}<\/script>\n<!-- \/ Yoast SEO plugin. -->","yoast_head_json":{"title":"Baixar Ebook GR\u00c1TIS: \u201cMuay Thai: Evoluindo tamb\u00e9m fora da academia - Tudo Sobre Muay Thai - Seu blog de Muay Thai","robots":{"index":"index","follow":"follow","max-snippet":"max-snippet:-1","max-image-preview":"max-image-preview:large","max-video-preview":"max-video-preview:-1"},"canonical":"https:\/\/tudosobremuaythai.com\/blog\/baixar-ebook-gratis-muay-thai-evoluindo-tambem-fora-da-academia\/","og_locale":"pt_BR","og_type":"article","og_title":"Baixar Ebook GR\u00c1TIS: \u201cMuay Thai: Evoluindo tamb\u00e9m fora da academia - Tudo Sobre Muay Thai - Seu blog de Muay Thai","og_description":"Quer saber como os lutadores experientes treinam quando est\u00e3o em casa ou qualquer outro lugar longe da academia?","og_url":"https:\/\/tudosobremuaythai.com\/blog\/baixar-ebook-gratis-muay-thai-evoluindo-tambem-fora-da-academia\/","og_site_name":"Tudo Sobre Muay Thai - Seu blog de Muay Thai","article_modified_time":"2020-04-06T21:09:16+00:00","og_image":[{"width":478,"height":715,"url":"https:\/\/tudosobremuaythai.com\/blog\/wp-content\/uploads\/2019\/07\/ebook-gratis-muay-thai-evoluindo-tambem-fora-da-academia.png","type":"image\/png"}],"twitter_card":"summary_large_image","schema":{"@context":"https:\/\/schema.org","@graph":[{"@type":"WebPage","@id":"https:\/\/tudosobremuaythai.com\/blog\/baixar-ebook-gratis-muay-thai-evoluindo-tambem-fora-da-academia\/","url":"https:\/\/tudosobremuaythai.com\/blog\/baixar-ebook-gratis-muay-thai-evoluindo-tambem-fora-da-academia\/","name":"Baixar Ebook GR\u00c1TIS: \u201cMuay Thai: Evoluindo tamb\u00e9m fora da academia - Tudo Sobre Muay Thai - Seu blog de Muay Thai","isPartOf":{"@id":"https:\/\/tudosobremuaythai.com\/blog\/#website"},"primaryImageOfPage":{"@id":"https:\/\/tudosobremuaythai.com\/blog\/baixar-ebook-gratis-muay-thai-evoluindo-tambem-fora-da-academia\/#primaryimage"},"image":{"@id":"https:\/\/tudosobremuaythai.com\/blog\/baixar-ebook-gratis-muay-thai-evoluindo-tambem-fora-da-academia\/#primaryimage"},"thumbnailUrl":"https:\/\/tudosobremuaythai.com\/blog\/wp-content\/uploads\/2019\/07\/ebook-gratis-muay-thai-evoluindo-tambem-fora-da-academia.png","datePublished":"2019-07-17T12:54:36+00:00","dateModified":"2020-04-06T21:09:16+00:00","breadcrumb":{"@id":"https:\/\/tudosobremuaythai.com\/blog\/baixar-ebook-gratis-muay-thai-evoluindo-tambem-fora-da-academia\/#breadcrumb"},"inLanguage":"pt-BR","potentialAction":[{"@type":"ReadAction","target":["https:\/\/tudosobremuaythai.com\/blog\/baixar-ebook-gratis-muay-thai-evoluindo-tambem-fora-da-academia\/"]}]},{"@type":"ImageObject","inLanguage":"pt-BR","@id":"https:\/\/tudosobremuaythai.com\/blog\/baixar-ebook-gratis-muay-thai-evoluindo-tambem-fora-da-academia\/#primaryimage","url":"https:\/\/tudosobremuaythai.com\/blog\/wp-content\/uploads\/2019\/07\/ebook-gratis-muay-thai-evoluindo-tambem-fora-da-academia.png","contentUrl":"https:\/\/tudosobremuaythai.com\/blog\/wp-content\/uploads\/2019\/07\/ebook-gratis-muay-thai-evoluindo-tambem-fora-da-academia.png","width":478,"height":715,"caption":"Ebook gr\u00e1tis muay thai"},{"@type":"BreadcrumbList","@id":"https:\/\/tudosobremuaythai.com\/blog\/baixar-ebook-gratis-muay-thai-evoluindo-tambem-fora-da-academia\/#breadcrumb","itemListElement":[{"@type":"ListItem","position":1,"name":"In\u00edcio","item":"https:\/\/tudosobremuaythai.com\/blog\/"},{"@type":"ListItem","position":2,"name":"Baixar Ebook GR\u00c1TIS: \u201cMuay Thai: Evoluindo tamb\u00e9m fora da academia"}]},{"@type":"WebSite","@id":"https:\/\/tudosobremuaythai.com\/blog\/#website","url":"https:\/\/tudosobremuaythai.com\/blog\/","name":"Tudo Sobre Muay Thai - Seu blog de Muay Thai","description":"Dicas, t\u00e9cnicas, tradi\u00e7\u00f5es, curiosidades de muay thai e muito mais!","potentialAction":[{"@type":"SearchAction","target":{"@type":"EntryPoint","urlTemplate":"https:\/\/tudosobremuaythai.com\/blog\/?s={search_term_string}"},"query-input":{"@type":"PropertyValueSpecification","valueRequired":true,"valueName":"search_term_string"}}],"inLanguage":"pt-BR"}]}},"_links":{"self":[{"href":"https:\/\/tudosobremuaythai.com\/blog\/wp-json\/wp\/v2\/pages\/245","targetHints":{"allow":["GET"]}}],"collection":[{"href":"https:\/\/tudosobremuaythai.com\/blog\/wp-json\/wp\/v2\/pages"}],"about":[{"href":"https:\/\/tudosobremuaythai.com\/blog\/wp-json\/wp\/v2\/types\/page"}],"author":[{"embeddable":true,"href":"https:\/\/tudosobremuaythai.com\/blog\/wp-json\/wp\/v2\/users\/1"}],"replies":[{"embeddable":true,"href":"https:\/\/tudosobremuaythai.com\/blog\/wp-json\/wp\/v2\/comments?post=245"}],"version-history":[{"count":11,"href":"https:\/\/tudosobremuaythai.com\/blog\/wp-json\/wp\/v2\/pages\/245\/revisions"}],"predecessor-version":[{"id":313,"href":"https:\/\/tudosobremuaythai.com\/blog\/wp-json\/wp\/v2\/pages\/245\/revisions\/313"}],"wp:featuredmedia":[{"embeddable":true,"href":"https:\/\/tudosobremuaythai.com\/blog\/wp-json\/wp\/v2\/media\/214"}],"wp:attachment":[{"href":"https:\/\/tudosobremuaythai.com\/blog\/wp-json\/wp\/v2\/media?parent=245"}],"curies":[{"name":"wp","href":"https:\/\/api.w.org\/{rel}","templated":true}]}}